{"id":5,"date":"2019-04-30T17:50:10","date_gmt":"2019-04-30T17:50:10","guid":{"rendered":"http:\/\/karrierespringer.de\/?page_id=5"},"modified":"2019-05-22T10:00:07","modified_gmt":"2019-05-22T10:00:07","slug":"startseite","status":"publish","type":"page","link":"http:\/\/karrierespringer.de\/startseite\/","title":{"rendered":"F1 &#8211; S2\/3 &#8211; Startseite"},"content":{"rendered":"<p style=\"text-align: center;\">ACHTUNG! N\u00e4chste Ausfahrt: Dein&nbsp;<strong>Karrieresprung<\/strong>!<\/p>\n<h1 style=\"text-align: center;\">Hi, ich bin Heiko, <strong>Leadership Mentor<\/strong> f\u00fcr Deinen <strong>Karrieresprung<\/strong>.Egal, ob Du das erste Mal F\u00fchrungskraft wirst, vom Teamleiter zum Manager wechselst, oder ob Du in die Gesch\u00e4ftsf\u00fchrer &#8211; Ebene aufsteigst, <strong>ich kenne Deine Herausforderungen und unterst\u00fctze Dich gerne!<\/strong><\/h1>\n<p>[tcb-script]window.addEventListener &amp;&amp; window.addEventListener(&#8222;message&#8220;, function(event){if (event.origin === &#8222;https:\/\/zieroth.youcanbook.me&#8220;){document.getElementById(&#8222;ycbmiframezieroth&#8220;).style.height = event.data + &#8222;px&#8220;;}}, false);[\/tcb-script]<span><img loading=\"lazy\" decoding=\"async\" alt=\"\" width=\"477\" height=\"43\" title=\"serene-video-shadow\" data-id=\"343\" src=\"\/\/karrierespringer.de\/wp-content\/uploads\/tcb_lp_templates\/templates\/css\/images\/serene-video-shadow.png\"><\/span><\/p>\n<h1 style=\"text-align: center;\">Und nicht vergessen: dieses Telefonat ist unverbindlich und kostenfrei!<\/h1>\n<p><span style=\"width: 100%;\"><img loading=\"lazy\" decoding=\"async\" alt=\"\" width=\"1365\" height=\"2048\" title=\"DSC00373\" data-id=\"52\" src=\"\/\/karrierespringer.de\/wp-content\/uploads\/2019\/05\/DSC00373.jpg\" style=\"width: 100%;\"><\/span><\/p>\n<h2 style=\"text-align: center;\">Auf welchem Level begegnen wir uns?<\/h2>\n<p><strong>Silber<\/strong><\/p>\n<h3 style=\"text-align: center;\">vom Spezialisten zum <strong>Teamleiter<\/strong><\/h3>\n<p style=\"text-align: center;\">Du wirst <strong>das erste Mal F\u00fchrungskraft<\/strong> und hast vorher als Fachkraft gearbeitet? Entweder willst Du die n\u00e4chste Stufe auf Deiner Karriereleiter aufsteigen, oder Dein Chef ist zu Dir gekommen. Das erste Mal Menschen zu f\u00fchren, wirkt f\u00fcr viele be\u00e4ngstigend. Die meisten zuk\u00fcnftigen Teamleiter aus meiner Kundenklientel haben Angst, dass sie ihre Kollegen nicht akzeptieren. Wir sorgen gemeinsam daf\u00fcr, dass Deine <u>Kollegen bzw. zuk\u00fcnftigen Mitarbeiter Dir nachfolgen und zu Deinen Supportern werden<\/u>. Andere Kollegen werden Dir zuk\u00fcnftig Komplimente f\u00fcr Deine Leadership &#8211; Skills machen &#8211; dabei wirst Du vor allem selbstbewusster. Wir nutzen Dein Inneres Team. Ich freue mich, Dich am Telefon zu unterst\u00fctzen!<span>Dein Heiko<\/span><\/p>\n<p><strong>Gold<\/strong><\/p>\n<h3 style=\"text-align: center;\">vom Teamleiter zum <strong>Manager<\/strong><\/h3>\n<p style=\"text-align: center;\">Du bist bereits Teamleiter und <strong>wirst Manager oder bist schon Manager<\/strong>? Mit Menschenf\u00fchrung kennst Du Dich gut aus und auch mit Konkurrenz kannst Du gut umgehen. Allerdings gibt es da jemanden, der Dein Zepter haben will? Wenn Du Dich unter Deinen Mitbewerbern durchsetzt, dann gibt es immer mindestens eine Person, die nicht ber\u00fccksichtigt wird. Was w\u00e4re, wenn trotzdem <u>Dein h\u00e4rtester Kritiker zu Deinem st\u00e4rksten Unterst\u00fctzer wird<\/u>? Wenn Dein Kritiker freiwillig und gerne f\u00fcr Dich arbeitet? Dadurch genie\u00dft Du eine hohe Anerkennung und gehst in Deiner neuen Rolle als Manager voller Stolz auf. Wir wenden die Konstruktive Provokation an. Ich freue mich, Dich am Telefon zu unterst\u00fctzen!<\/p>\n<p style=\"text-align: center;\">Dein Heiko<\/p>\n<p><strong>Platin<\/strong><\/p>\n<h3 style=\"text-align: center;\">vom Manager zum <strong>Gesch\u00e4ftsf\u00fchrer<\/strong><\/h3>\n<p style=\"text-align: center;\">Du bist bereits Manager und Dir ist eine Sache klar &#8211; es ist Zeit f\u00fcr <strong>Dein n\u00e4chstes Level: Gesch\u00e4ftsf\u00fchrer oder Mitglied der Gesch\u00e4ftsleitung!<\/strong> Der \u00fcberwiegende Teil meiner Klienten auf dem Platin Level f\u00fchlt eine gewisse Zerissenheit durch Verstrickungen in drei Bereichen, von mir das &#8222;GeF\u00fc &#8211; Bermuda &#8211; Dreieck&#8220; genannt.<\/p>\n<p style=\"text-align: center;\">Als erstes gibt es Druck in Bezug auf diverse Nebenkriegsschaupl\u00e4tze, also Dinge, die nichts mit dem Gesch\u00e4ftsalltag zu tun haben. Gleichzeitig musst Du Ergebnisse liefern und der dritte Punkt ist Dein hoher Anspruch an F\u00fchrung und Deine pers\u00f6nliche Weiterentwicklung. Wir sorgen daf\u00fcr, dass Du <u>maximal gest\u00e4rkt als souver\u00e4ner und stabiler Top Manager<\/u> im &#8222;Bermuda &#8211; Dreieck&#8220; f\u00fchrst: dadurch erreichst Du ein gutes Leben mit gleichzeitig hoher Unabh\u00e4ngigkeit. Wir nutzen daf\u00fcr die von mir entwickelte Antizipationsanalyse. Ich freue mich, Dich am Telefon zu unterst\u00fctzen!<\/p>\n<p style=\"text-align: center;\">Dein Heiko<\/p>\n<p style=\"text-align: center;\"><a href=\"http:\/\/karrierespringer.de\/startseite\/impressum\/\" target=\"_blank\" rel=\"noopener noreferrer\">Impressum | Datenschutz<\/a><\/p>\n","protected":false},"excerpt":{"rendered":"<p>ACHTUNG! N\u00e4chste Ausfahrt: Dein&nbsp;Karrieresprung! Hi, ich bin Heiko, Leadership Mentor f\u00fcr Deinen Karrieresprung.Egal, ob Du das erste Mal F\u00fchrungskraft wirst, vom Teamleiter zum Manager wechselst, oder ob Du in die Gesch\u00e4ftsf\u00fchrer &#8211; Ebene aufsteigst, ich kenne Deine Herausforderungen und unterst\u00fctze Dich gerne! [tcb-script]window.addEventListener &amp;&amp; window.addEventListener(&#8222;message&#8220;, function(event){if (event.origin === &#8222;https:\/\/zieroth.youcanbook.me&#8220;){document.getElementById(&#8222;ycbmiframezieroth&#8220;).style.height = event.data + &#8222;px&#8220;;}}, false);[\/tcb-script] Und &hellip; <\/p>\n<p class=\"link-more\"><a href=\"http:\/\/karrierespringer.de\/startseite\/\" class=\"more-link\"><span class=\"screen-reader-text\">\u201eF1 &#8211; S2\/3 &#8211; Startseite\u201c <\/span>weiterlesen<\/a><\/p>\n","protected":false},"author":1,"featured_media":0,"parent":0,"menu_order":0,"comment_status":"closed","ping_status":"closed","template":"","meta":{"footnotes":""},"class_list":["post-5","page","type-page","status-publish","hentry"],"_links":{"self":[{"href":"http:\/\/karrierespringer.de\/startseite\/wp-json\/wp\/v2\/pages\/5","targetHints":{"allow":["GET"]}}],"collection":[{"href":"http:\/\/karrierespringer.de\/startseite\/wp-json\/wp\/v2\/pages"}],"about":[{"href":"http:\/\/karrierespringer.de\/startseite\/wp-json\/wp\/v2\/types\/page"}],"author":[{"embeddable":true,"href":"http:\/\/karrierespringer.de\/startseite\/wp-json\/wp\/v2\/users\/1"}],"replies":[{"embeddable":true,"href":"http:\/\/karrierespringer.de\/startseite\/wp-json\/wp\/v2\/comments?post=5"}],"version-history":[{"count":98,"href":"http:\/\/karrierespringer.de\/startseite\/wp-json\/wp\/v2\/pages\/5\/revisions"}],"predecessor-version":[{"id":140,"href":"http:\/\/karrierespringer.de\/startseite\/wp-json\/wp\/v2\/pages\/5\/revisions\/140"}],"wp:attachment":[{"href":"http:\/\/karrierespringer.de\/startseite\/wp-json\/wp\/v2\/media?parent=5"}],"curies":[{"name":"wp","href":"https:\/\/api.w.org\/{rel}","templated":true}]}}